{"id":225410,"date":"2022-09-16T14:51:54","date_gmt":"2022-09-16T17:51:54","guid":{"rendered":"https:\/\/miniefoods.com\/site\/?post_type=product&#038;p=225410"},"modified":"2025-09-08T21:06:05","modified_gmt":"2025-09-09T00:06:05","slug":"30-viandas-vegetarianas-bajas-calorias","status":"publish","type":"product","link":"https:\/\/miniefoods.com\/site\/producto\/30-viandas-vegetarianas-bajas-calorias\/","title":{"rendered":"30 Viandas Vegetarianas Bajas Calor\u00edas"},"content":{"rendered":"<p>[et_pb_section fb_built=\u00bb1&#8243; _builder_version=\u00bb4.16&#8243; custom_padding=\u00bb0px||||false|false\u00bb collapsed=\u00bbon\u00bb global_colors_info=\u00bb{}\u00bb][et_pb_row _builder_version=\u00bb4.16&#8243; background_size=\u00bbinitial\u00bb background_position=\u00bbtop_left\u00bb background_repeat=\u00bbrepeat\u00bb width=\u00bb100%\u00bb custom_padding=\u00bb0px||0px||false|false\u00bb global_colors_info=\u00bb{}\u00bb][et_pb_column type=\u00bb4_4&#8243; _builder_version=\u00bb4.16&#8243; custom_padding=\u00bb|||\u00bb global_colors_info=\u00bb{}\u00bb custom_padding__hover=\u00bb|||\u00bb][et_pb_wc_breadcrumb _builder_version=\u00bb4.16&#8243; global_colors_info=\u00bb{}\u00bb][\/et_pb_wc_breadcrumb][et_pb_wc_cart_notice _builder_version=\u00bb4.16&#8243; global_colors_info=\u00bb{}\u00bb][\/et_pb_wc_cart_notice][\/et_pb_column][\/et_pb_row][et_pb_row column_structure=\u00bb1_2,1_2&#8243; _builder_version=\u00bb4.16&#8243; background_size=\u00bbinitial\u00bb background_position=\u00bbtop_left\u00bb background_repeat=\u00bbrepeat\u00bb width=\u00bb100%\u00bb custom_padding=\u00bb0px||||false|false\u00bb global_colors_info=\u00bb{}\u00bb][et_pb_column type=\u00bb1_2&#8243; _builder_version=\u00bb4.16&#8243; custom_padding=\u00bb|||\u00bb global_colors_info=\u00bb{}\u00bb custom_padding__hover=\u00bb|||\u00bb][et_pb_wc_images show_sale_badge=\u00bboff\u00bb _builder_version=\u00bb4.18.0&#8243; global_colors_info=\u00bb{}\u00bb][\/et_pb_wc_images][\/et_pb_column][et_pb_column type=\u00bb1_2&#8243; _builder_version=\u00bb4.16&#8243; custom_padding=\u00bb|||\u00bb global_colors_info=\u00bb{}\u00bb custom_padding__hover=\u00bb|||\u00bb][et_pb_wc_title _builder_version=\u00bb4.16&#8243; global_colors_info=\u00bb{}\u00bb][\/et_pb_wc_title][et_pb_wc_rating _builder_version=\u00bb4.16&#8243; global_colors_info=\u00bb{}\u00bb][\/et_pb_wc_rating][et_pb_wc_price _builder_version=\u00bb4.16&#8243; global_colors_info=\u00bb{}\u00bb][\/et_pb_wc_price][et_pb_wc_description _builder_version=\u00bb4.16&#8243; global_colors_info=\u00bb{}\u00bb][\/et_pb_wc_description][et_pb_wc_add_to_cart _builder_version=\u00bb4.18.0&#8243; global_colors_info=\u00bb{}\u00bb][\/et_pb_wc_add_to_cart][et_pb_wc_meta _builder_version=\u00bb4.16&#8243; global_colors_info=\u00bb{}\u00bb][\/et_pb_wc_meta][\/et_pb_column][\/et_pb_row][et_pb_row _builder_version=\u00bb4.16&#8243; background_size=\u00bbinitial\u00bb background_position=\u00bbtop_left\u00bb background_repeat=\u00bbrepeat\u00bb width=\u00bb100%\u00bb global_colors_info=\u00bb{}\u00bb][et_pb_column type=\u00bb4_4&#8243; _builder_version=\u00bb4.16&#8243; custom_padding=\u00bb|||\u00bb global_colors_info=\u00bb{}\u00bb custom_padding__hover=\u00bb|||\u00bb][et_pb_wc_tabs _builder_version=\u00bb4.16&#8243; global_colors_info=\u00bb{}\u00bb]\t\t\t\t\t[\/et_pb_wc_tabs][et_pb_wc_upsells _builder_version=\u00bb4.16&#8243; global_colors_info=\u00bb{}\u00bb][\/et_pb_wc_upsells][et_pb_wc_related_products _builder_version=\u00bb4.16&#8243; global_colors_info=\u00bb{}\u00bb][\/et_pb_wc_related_products][\/et_pb_column][\/et_pb_row][\/et_pb_section]<\/p>\n","protected":false},"excerpt":{"rendered":"<hr \/>\n<p><span style=\"color: #ffffff;\">.<\/span><\/p>\n<h3><span style=\"color: #d23f0c;\"> Cuando termine de elegir las <strong>30<\/strong> viandas, <\/span><span style=\"color: #d23f0c;\">se habilitar\u00e1 el bot\u00f3n \u00abA\u00f1adir al carrito\u00bb al final de la lista<\/span><\/h3>\n<p>&nbsp;<\/p>\n","protected":false},"featured_media":211359,"comment_status":"closed","ping_status":"closed","template":"","meta":{"_et_pb_use_builder":"on","_et_pb_old_content":"Cada <strong>Vianda de Bajas Calor\u00edas<\/strong> pesa (aprox.) <strong>350grs<\/strong> \u2013 Entre <strong>180 y 250 calor\u00edas<\/strong> (para dietas restringidas en calor\u00edas) <strong>sin agregado de sal, sin harina<\/strong>,<strong> sin az\u00facar ni conservantes\u00a0<\/strong>y est\u00e1n<strong> libres de grasas trans.<\/strong>","_et_gb_content_width":""},"product_brand":[],"product_cat":[996],"product_tag":[36],"class_list":{"0":"post-225410","1":"product","2":"type-product","3":"status-publish","4":"has-post-thumbnail","6":"product_cat-promo-bc-vegetarianas","7":"product_tag-promo","9":"first","10":"instock","11":"featured","12":"shipping-taxable","13":"purchasable","14":"product-type-bundle"},"bundled_by":[],"bundle_stock_status":"instock","bundle_stock_quantity":"","bundle_virtual":false,"bundle_layout":"tabular","bundle_add_to_cart_form_location":"default","bundle_editable_in_cart":true,"bundle_sold_individually_context":"product","bundle_item_grouping":"parent","bundle_min_size":30,"bundle_max_size":30,"bundle_price":{"price":{"min":{"incl_tax":"9450","excl_tax":"9450"},"max":{"incl_tax":"9450","excl_tax":"9450"}},"regular_price":{"min":{"incl_tax":"9450","excl_tax":"9450"},"max":{"incl_tax":"9450","excl_tax":"9450"}}},"bundled_items":[{"bundled_item_id":2459,"product_id":211547,"menu_order":0,"quantity_min":0,"quantity_max":30,"quantity_default":0,"priced_individually":false,"shipped_individually":false,"override_title":false,"title":"Cazuela de lentejas (vegetariana)","override_description":true,"description":"Lentejas, morr\u00f3n, cebolla, pulpa de tomate, calabaza, zanahoria y condimentos varios.","optional":false,"hide_thumbnail":true,"discount":"","override_variations":false,"allowed_variations":[],"override_default_variation_attributes":false,"default_variation_attributes":[],"single_product_visibility":"visible","cart_visibility":"visible","order_visibility":"visible","single_product_price_visibility":"visible","cart_price_visibility":"visible","order_price_visibility":"visible","stock_status":"in_stock"},{"bundled_item_id":2461,"product_id":211191,"menu_order":1,"quantity_min":0,"quantity_max":30,"quantity_default":0,"priced_individually":false,"shipped_individually":false,"override_title":false,"title":"Pizza de ricota y espinaca (vegetariana)","override_description":true,"description":"Espinaca, ricota, cebolla, morr\u00f3n,  pulpa de tomate, mozzarella y condimentos varios.","optional":false,"hide_thumbnail":true,"discount":"","override_variations":false,"allowed_variations":[],"override_default_variation_attributes":false,"default_variation_attributes":[],"single_product_visibility":"visible","cart_visibility":"visible","order_visibility":"visible","single_product_price_visibility":"visible","cart_price_visibility":"visible","order_price_visibility":"visible","stock_status":"in_stock"},{"bundled_item_id":2462,"product_id":211193,"menu_order":2,"quantity_min":0,"quantity_max":30,"quantity_default":0,"priced_individually":false,"shipped_individually":false,"override_title":false,"title":"Pizza de calabaza (vegetariana)","override_description":true,"description":"Calabaza, ricota, pulpa de tomate, cebolla, morr\u00f3n, mozzarella y condimentos.","optional":false,"hide_thumbnail":true,"discount":"","override_variations":false,"allowed_variations":[],"override_default_variation_attributes":false,"default_variation_attributes":[],"single_product_visibility":"visible","cart_visibility":"visible","order_visibility":"visible","single_product_price_visibility":"visible","cart_price_visibility":"visible","order_price_visibility":"visible","stock_status":"in_stock"},{"bundled_item_id":2463,"product_id":211195,"menu_order":3,"quantity_min":0,"quantity_max":30,"quantity_default":0,"priced_individually":false,"shipped_individually":false,"override_title":false,"title":"\u00d1oquis de ricota y espinaca (vegetariana)","override_description":true,"description":"Espinaca, ricota, pulpa de tomate, cebolla, morr\u00f3n, queso rallado y condimentos varios.","optional":false,"hide_thumbnail":true,"discount":"","override_variations":false,"allowed_variations":[],"override_default_variation_attributes":false,"default_variation_attributes":[],"single_product_visibility":"visible","cart_visibility":"visible","order_visibility":"visible","single_product_price_visibility":"visible","cart_price_visibility":"visible","order_price_visibility":"visible","stock_status":"in_stock"},{"bundled_item_id":2464,"product_id":211197,"menu_order":4,"quantity_min":0,"quantity_max":30,"quantity_default":0,"priced_individually":false,"shipped_individually":false,"override_title":false,"title":"\u00d1oquis de calabaza (vegetariana)","override_description":true,"description":"Calabaza, ricota, pulpa de tomate, cebolla, morr\u00f3n, rallado y condimentos varios.","optional":false,"hide_thumbnail":true,"discount":"","override_variations":false,"allowed_variations":[],"override_default_variation_attributes":false,"default_variation_attributes":[],"single_product_visibility":"visible","cart_visibility":"visible","order_visibility":"visible","single_product_price_visibility":"visible","cart_price_visibility":"visible","order_price_visibility":"visible","stock_status":"in_stock"},{"bundled_item_id":2468,"product_id":225272,"menu_order":5,"quantity_min":0,"quantity_max":30,"quantity_default":0,"priced_individually":false,"shipped_individually":false,"override_title":false,"title":"Bud\u00edn de Zucchini (vegetariano)","override_description":true,"description":"Zucchini, ricota, huevos, maicena, cebolla, morr\u00f3n, leche descremada, mozzarella y condimentos varios.","optional":false,"hide_thumbnail":true,"discount":"","override_variations":false,"allowed_variations":[],"override_default_variation_attributes":false,"default_variation_attributes":[],"single_product_visibility":"visible","cart_visibility":"visible","order_visibility":"visible","single_product_price_visibility":"visible","cart_price_visibility":"visible","order_price_visibility":"visible","stock_status":"in_stock"},{"bundled_item_id":2469,"product_id":211209,"menu_order":6,"quantity_min":0,"quantity_max":30,"quantity_default":0,"priced_individually":false,"shipped_individually":false,"override_title":false,"title":"Bud\u00edn de zapallitos (vegetariano)","override_description":true,"description":"Zapallitos, ricota, huevos, maicena, cebolla, morr\u00f3n, leche descremada, mozzarella y condimentos varios.","optional":false,"hide_thumbnail":true,"discount":"","override_variations":false,"allowed_variations":[],"override_default_variation_attributes":false,"default_variation_attributes":[],"single_product_visibility":"visible","cart_visibility":"visible","order_visibility":"visible","single_product_price_visibility":"visible","cart_price_visibility":"visible","order_price_visibility":"visible","stock_status":"in_stock"},{"bundled_item_id":2472,"product_id":211565,"menu_order":7,"quantity_min":0,"quantity_max":30,"quantity_default":0,"priced_individually":false,"shipped_individually":false,"override_title":false,"title":"Lasagna de berenjenas (vegetariana)","override_description":true,"description":"Berenjenas, cebolla, morr\u00f3n , zanahoria, quinoa , pulpa de tomate, mozzarella y condimentos.","optional":false,"hide_thumbnail":true,"discount":"","override_variations":false,"allowed_variations":[],"override_default_variation_attributes":false,"default_variation_attributes":[],"single_product_visibility":"visible","cart_visibility":"visible","order_visibility":"visible","single_product_price_visibility":"visible","cart_price_visibility":"visible","order_price_visibility":"visible","stock_status":"in_stock"},{"bundled_item_id":2474,"product_id":211219,"menu_order":8,"quantity_min":0,"quantity_max":30,"quantity_default":0,"priced_individually":false,"shipped_individually":false,"override_title":false,"title":"Verduras al wok (vegetariana)","override_description":true,"description":"Morr\u00f3n amarillo, morr\u00f3n verde, morr\u00f3n rojo, zapallito, zanahorias, brotes de soja, salsa de soja, arroz y condimentos varios.","optional":false,"hide_thumbnail":true,"discount":"","override_variations":false,"allowed_variations":[],"override_default_variation_attributes":false,"default_variation_attributes":[],"single_product_visibility":"visible","cart_visibility":"visible","order_visibility":"visible","single_product_price_visibility":"visible","cart_price_visibility":"visible","order_price_visibility":"visible","stock_status":"in_stock"},{"bundled_item_id":2476,"product_id":211913,"menu_order":9,"quantity_min":0,"quantity_max":30,"quantity_default":0,"priced_individually":false,"shipped_individually":false,"override_title":false,"title":"Morrones rellenos (vegetariana)","override_description":true,"description":"Morr\u00f3n, ma\u00edz, queso y cebolla.","optional":false,"hide_thumbnail":true,"discount":"","override_variations":false,"allowed_variations":[],"override_default_variation_attributes":false,"default_variation_attributes":[],"single_product_visibility":"visible","cart_visibility":"visible","order_visibility":"visible","single_product_price_visibility":"visible","cart_price_visibility":"visible","order_price_visibility":"visible","stock_status":"in_stock"},{"bundled_item_id":2477,"product_id":223931,"menu_order":10,"quantity_min":0,"quantity_max":30,"quantity_default":0,"priced_individually":false,"shipped_individually":false,"override_title":false,"title":"Hamburguesa de Lentejas (Vegana) con arroz","override_description":true,"description":"Lentejas, avena, cebolla, morr\u00f3n, mix de semillas, jugo de lim\u00f3n, condimentos (adobo, condimento verde). Acompa\u00f1adas de Arroz.","optional":false,"hide_thumbnail":true,"discount":"","override_variations":false,"allowed_variations":[],"override_default_variation_attributes":false,"default_variation_attributes":[],"single_product_visibility":"visible","cart_visibility":"visible","order_visibility":"visible","single_product_price_visibility":"visible","cart_price_visibility":"visible","order_price_visibility":"visible","stock_status":"in_stock"},{"bundled_item_id":2478,"product_id":223932,"menu_order":11,"quantity_min":0,"quantity_max":30,"quantity_default":0,"priced_individually":false,"shipped_individually":false,"override_title":false,"title":"Hamburguesa de Lentejas (Vegana) con Verduras","override_description":true,"description":"Lentejas, avena, cebolla, morr\u00f3n, mix de semillas, jugo de lim\u00f3n, condimentos (adobo, condimento verde). Acompa\u00f1adas de Verduras.","optional":false,"hide_thumbnail":true,"discount":"","override_variations":false,"allowed_variations":[],"override_default_variation_attributes":false,"default_variation_attributes":[],"single_product_visibility":"visible","cart_visibility":"visible","order_visibility":"visible","single_product_price_visibility":"visible","cart_price_visibility":"visible","order_price_visibility":"visible","stock_status":"in_stock"},{"bundled_item_id":2479,"product_id":225356,"menu_order":12,"quantity_min":0,"quantity_max":30,"quantity_default":0,"priced_individually":false,"shipped_individually":false,"override_title":false,"title":"Hamburguesa de Garbanzos (Vegana) con arroz","override_description":true,"description":"Garbanzos, avena, cebolla, morr\u00f3n, mix de semillas, jugo de lim\u00f3n, condimentos (adobo, condimento verde). Acompa\u00f1adas de Arroz.","optional":false,"hide_thumbnail":true,"discount":"","override_variations":false,"allowed_variations":[],"override_default_variation_attributes":false,"default_variation_attributes":[],"single_product_visibility":"visible","cart_visibility":"visible","order_visibility":"visible","single_product_price_visibility":"visible","cart_price_visibility":"visible","order_price_visibility":"visible","stock_status":"in_stock"},{"bundled_item_id":2480,"product_id":225357,"menu_order":13,"quantity_min":0,"quantity_max":30,"quantity_default":0,"priced_individually":false,"shipped_individually":false,"override_title":false,"title":"Hamburguesa de Garbanzos (Vegana) con Verduras","override_description":true,"description":"Garbanzos, avena, cebolla, morr\u00f3n, mix de semillas, jugo de lim\u00f3n, condimentos (adobo, condimento verde). Acompa\u00f1adas de Verduras.","optional":false,"hide_thumbnail":true,"discount":"","override_variations":false,"allowed_variations":[],"override_default_variation_attributes":false,"default_variation_attributes":[],"single_product_visibility":"visible","cart_visibility":"visible","order_visibility":"visible","single_product_price_visibility":"visible","cart_price_visibility":"visible","order_price_visibility":"visible","stock_status":"in_stock"},{"bundled_item_id":2481,"product_id":211905,"menu_order":14,"quantity_min":0,"quantity_max":30,"quantity_default":0,"priced_individually":false,"shipped_individually":false,"override_title":false,"title":"Milanesa de Berenjena con Arroz (vegetariana)","override_description":true,"description":"Berenjena empanada al horno, acompa\u00f1ada de verduras varias o de Arroz.","optional":false,"hide_thumbnail":true,"discount":"","override_variations":false,"allowed_variations":[],"override_default_variation_attributes":false,"default_variation_attributes":[],"single_product_visibility":"visible","cart_visibility":"visible","order_visibility":"visible","single_product_price_visibility":"visible","cart_price_visibility":"visible","order_price_visibility":"visible","stock_status":"in_stock"},{"bundled_item_id":2482,"product_id":211907,"menu_order":15,"quantity_min":0,"quantity_max":30,"quantity_default":0,"priced_individually":false,"shipped_individually":false,"override_title":false,"title":"Milanesa de Berenjena con Verduras (vegetariana)","override_description":true,"description":"Berenjena empanada al horno, acompa\u00f1ada de verduras varias.","optional":false,"hide_thumbnail":true,"discount":"","override_variations":false,"allowed_variations":[],"override_default_variation_attributes":false,"default_variation_attributes":[],"single_product_visibility":"visible","cart_visibility":"visible","order_visibility":"visible","single_product_price_visibility":"visible","cart_price_visibility":"visible","order_price_visibility":"visible","stock_status":"in_stock"},{"bundled_item_id":2483,"product_id":211217,"menu_order":16,"quantity_min":0,"quantity_max":30,"quantity_default":0,"priced_individually":false,"shipped_individually":false,"override_title":false,"title":"Milanesa de Zapallito con Arroz (vegetariana)","override_description":true,"description":"Milanesa zapallito empanada con acompa\u00f1amiento de Arroz.","optional":false,"hide_thumbnail":true,"discount":"","override_variations":false,"allowed_variations":[],"override_default_variation_attributes":false,"default_variation_attributes":[],"single_product_visibility":"visible","cart_visibility":"visible","order_visibility":"visible","single_product_price_visibility":"visible","cart_price_visibility":"visible","order_price_visibility":"visible","stock_status":"in_stock"},{"bundled_item_id":2484,"product_id":211918,"menu_order":17,"quantity_min":0,"quantity_max":30,"quantity_default":0,"priced_individually":false,"shipped_individually":false,"override_title":false,"title":"Milanesa de Zapallito con Verduras (vegetariana)","override_description":true,"description":"Milanesa zapallito empanada con acompa\u00f1amiento de Verduras varias.","optional":false,"hide_thumbnail":true,"discount":"","override_variations":false,"allowed_variations":[],"override_default_variation_attributes":false,"default_variation_attributes":[],"single_product_visibility":"visible","cart_visibility":"visible","order_visibility":"visible","single_product_price_visibility":"visible","cart_price_visibility":"visible","order_price_visibility":"visible","stock_status":"in_stock"},{"bundled_item_id":2485,"product_id":211225,"menu_order":18,"quantity_min":0,"quantity_max":30,"quantity_default":0,"priced_individually":false,"shipped_individually":false,"override_title":false,"title":"Zapallitos rellenos (vegetariano)","override_description":true,"description":"Zapallitos, Arroz, espinaca, huevo, queso crema, mozzarella y condimentos varios.","optional":false,"hide_thumbnail":true,"discount":"","override_variations":false,"allowed_variations":[],"override_default_variation_attributes":false,"default_variation_attributes":[],"single_product_visibility":"visible","cart_visibility":"visible","order_visibility":"visible","single_product_price_visibility":"visible","cart_price_visibility":"visible","order_price_visibility":"visible","stock_status":"in_stock"}],"bundle_sell_ids":[],"_links":{"self":[{"href":"https:\/\/miniefoods.com\/site\/wp-json\/wp\/v2\/product\/225410","targetHints":{"allow":["GET"]}}],"collection":[{"href":"https:\/\/miniefoods.com\/site\/wp-json\/wp\/v2\/product"}],"about":[{"href":"https:\/\/miniefoods.com\/site\/wp-json\/wp\/v2\/types\/product"}],"replies":[{"embeddable":true,"href":"https:\/\/miniefoods.com\/site\/wp-json\/wp\/v2\/comments?post=225410"}],"wp:featuredmedia":[{"embeddable":true,"href":"https:\/\/miniefoods.com\/site\/wp-json\/wp\/v2\/media\/211359"}],"wp:attachment":[{"href":"https:\/\/miniefoods.com\/site\/wp-json\/wp\/v2\/media?parent=225410"}],"wp:term":[{"taxonomy":"product_brand","embeddable":true,"href":"https:\/\/miniefoods.com\/site\/wp-json\/wp\/v2\/product_brand?post=225410"},{"taxonomy":"product_cat","embeddable":true,"href":"https:\/\/miniefoods.com\/site\/wp-json\/wp\/v2\/product_cat?post=225410"},{"taxonomy":"product_tag","embeddable":true,"href":"https:\/\/miniefoods.com\/site\/wp-json\/wp\/v2\/product_tag?post=225410"}],"curies":[{"name":"wp","href":"https:\/\/api.w.org\/{rel}","templated":true}]}}