{"id":224726,"date":"2021-12-23T19:21:59","date_gmt":"2021-12-23T22:21:59","guid":{"rendered":"https:\/\/miniefoods.com\/site\/?post_type=product&#038;p=224726"},"modified":"2021-12-23T20:35:16","modified_gmt":"2021-12-23T23:35:16","slug":"pollo-relleno-con-opciones","status":"publish","type":"product","link":"https:\/\/miniefoods.com\/site\/producto\/pollo-relleno-con-opciones\/","title":{"rendered":"Pollo relleno (con opciones)"},"content":{"rendered":"<p>Pollo Relleno con ensalada rusa: tambi\u00e9n lleva jam\u00f3n, queso, aceitunas y morr\u00f3n<\/p>\n","protected":false},"excerpt":{"rendered":"<p>Pollo Relleno con ensalada rusa: tambi\u00e9n lleva jam\u00f3n, queso, aceitunas y morr\u00f3n<\/p>\n","protected":false},"featured_media":224657,"comment_status":"closed","ping_status":"closed","template":"","meta":{"_et_pb_use_builder":"","_et_pb_old_content":"","_et_gb_content_width":""},"product_brand":[],"product_cat":[1248],"product_tag":[],"class_list":{"0":"post-224726","1":"product","2":"type-product","3":"status-publish","4":"has-post-thumbnail","6":"product_cat-fiestas","8":"first","9":"instock","10":"shipping-taxable","11":"purchasable","12":"product-type-variable"},"bundled_by":[],"bundle_stock_status":"instock","bundle_stock_quantity":null,"bundle_virtual":false,"bundle_layout":"","bundle_add_to_cart_form_location":"","bundle_editable_in_cart":false,"bundle_sold_individually_context":"","bundle_item_grouping":"","bundle_min_size":"","bundle_max_size":"","bundle_price":[],"bundled_items":[],"bundle_sell_ids":[],"_links":{"self":[{"href":"https:\/\/miniefoods.com\/site\/wp-json\/wp\/v2\/product\/224726","targetHints":{"allow":["GET"]}}],"collection":[{"href":"https:\/\/miniefoods.com\/site\/wp-json\/wp\/v2\/product"}],"about":[{"href":"https:\/\/miniefoods.com\/site\/wp-json\/wp\/v2\/types\/product"}],"replies":[{"embeddable":true,"href":"https:\/\/miniefoods.com\/site\/wp-json\/wp\/v2\/comments?post=224726"}],"wp:featuredmedia":[{"embeddable":true,"href":"https:\/\/miniefoods.com\/site\/wp-json\/wp\/v2\/media\/224657"}],"wp:attachment":[{"href":"https:\/\/miniefoods.com\/site\/wp-json\/wp\/v2\/media?parent=224726"}],"wp:term":[{"taxonomy":"product_brand","embeddable":true,"href":"https:\/\/miniefoods.com\/site\/wp-json\/wp\/v2\/product_brand?post=224726"},{"taxonomy":"product_cat","embeddable":true,"href":"https:\/\/miniefoods.com\/site\/wp-json\/wp\/v2\/product_cat?post=224726"},{"taxonomy":"product_tag","embeddable":true,"href":"https:\/\/miniefoods.com\/site\/wp-json\/wp\/v2\/product_tag?post=224726"}],"curies":[{"name":"wp","href":"https:\/\/api.w.org\/{rel}","templated":true}]}}