{"id":224680,"date":"2021-12-20T20:33:06","date_gmt":"2021-12-20T23:33:06","guid":{"rendered":"https:\/\/miniefoods.com\/site\/?post_type=product&#038;p=224680"},"modified":"2021-12-23T18:07:29","modified_gmt":"2021-12-23T21:07:29","slug":"menu-24-31","status":"publish","type":"product","link":"https:\/\/miniefoods.com\/site\/producto\/menu-24-31\/","title":{"rendered":"Men\u00fa 24\/31"},"content":{"rendered":"<p>Todos los rellenos son a gusto del cliente (Puede remover cualquier ingrediente a su gusto)<\/p>\n","protected":false},"excerpt":{"rendered":"<p>En Minie Foods nos importa tu alimentaci\u00f3n, por eso nuestros ingredientes son de primera calidad, con calor\u00edas espec\u00edficas para asegurar una alimentaci\u00f3n saludable, por eso te traemos los Lunch Navide\u00f1os, dise\u00f1ados para espec\u00edficamente para ti:<\/p>\n<p>&#8211; Carr\u00e9 de cerdo relleno agridulce o salado con papas r\u00fasticas: panceta, jam\u00f3n, queso , morr\u00f3n , aceitunas y pasas de ciruela.&#x1f356;<br \/>\n&#8211; Pionono de espinaca relleno de vegetales: huevo, zanahoria, lechuga y tomate.&#x1f959;<br \/>\n&#8211; Pollo Relleno con ensalada rusa: tambi\u00e9n lleva jam\u00f3n, queso, aceitunas y morr\u00f3n &#x1f957;<\/p>\n<p><strong>Fecha limite para realizar los pedidos de navidad 22 de diciembre y para pedidos de fin de a\u00f1o puedes encargar hasta el 29 de diciembre<br \/>\n<\/strong><\/p>\n<p>Todos los rellenos son a gusto del cliente&#x1f63c; (Puede remover cualquier ingrediente a su gusto &#x1f9cf;&#x1f3fb;&#x200d;&#x2642;&#xfe0f;)<\/p>\n","protected":false},"featured_media":0,"comment_status":"closed","ping_status":"closed","template":"","meta":{"_et_pb_use_builder":"","_et_pb_old_content":"","_et_gb_content_width":""},"product_brand":[],"product_cat":[1248],"product_tag":[],"class_list":{"0":"post-224680","1":"product","2":"type-product","3":"status-publish","5":"product_cat-fiestas","7":"first","8":"instock","9":"shipping-taxable","10":"product-type-grouped"},"bundled_by":[],"bundle_stock_status":"instock","bundle_stock_quantity":null,"bundle_virtual":false,"bundle_layout":"","bundle_add_to_cart_form_location":"","bundle_editable_in_cart":false,"bundle_sold_individually_context":"","bundle_item_grouping":"","bundle_min_size":"","bundle_max_size":"","bundle_price":[],"bundled_items":[],"bundle_sell_ids":[],"_links":{"self":[{"href":"https:\/\/miniefoods.com\/site\/wp-json\/wp\/v2\/product\/224680","targetHints":{"allow":["GET"]}}],"collection":[{"href":"https:\/\/miniefoods.com\/site\/wp-json\/wp\/v2\/product"}],"about":[{"href":"https:\/\/miniefoods.com\/site\/wp-json\/wp\/v2\/types\/product"}],"replies":[{"embeddable":true,"href":"https:\/\/miniefoods.com\/site\/wp-json\/wp\/v2\/comments?post=224680"}],"wp:attachment":[{"href":"https:\/\/miniefoods.com\/site\/wp-json\/wp\/v2\/media?parent=224680"}],"wp:term":[{"taxonomy":"product_brand","embeddable":true,"href":"https:\/\/miniefoods.com\/site\/wp-json\/wp\/v2\/product_brand?post=224680"},{"taxonomy":"product_cat","embeddable":true,"href":"https:\/\/miniefoods.com\/site\/wp-json\/wp\/v2\/product_cat?post=224680"},{"taxonomy":"product_tag","embeddable":true,"href":"https:\/\/miniefoods.com\/site\/wp-json\/wp\/v2\/product_tag?post=224680"}],"curies":[{"name":"wp","href":"https:\/\/api.w.org\/{rel}","templated":true}]}}