{"id":224464,"date":"2021-12-08T19:00:10","date_gmt":"2021-12-08T22:00:10","guid":{"rendered":"https:\/\/miniefoods.com\/site\/?page_id=224464"},"modified":"2022-07-28T12:23:09","modified_gmt":"2022-07-28T15:23:09","slug":"ensaladas-frescas","status":"publish","type":"page","link":"https:\/\/miniefoods.com\/site\/ensaladas-frescas\/","title":{"rendered":"Ensaladas frescas"},"content":{"rendered":"<p>[et_pb_section fb_built=\u00bb1&#8243; admin_label=\u00bbmostrador con ensaladas\u00bb _builder_version=\u00bb4.16&#8243; background_image=\u00bbhttps:\/\/miniefoods.com\/site\/wp-content\/uploads\/2021\/12\/ensaladas-frescas_paginaensaladas.jpg\u00bb custom_padding=\u00bb90px|0px|90px|0px\u00bb saved_tabs=\u00bball\u00bb collapsed=\u00bbon\u00bb global_colors_info=\u00bb{}\u00bb][et_pb_row column_structure=\u00bb1_2,1_2&#8243; _builder_version=\u00bb4.16&#8243; custom_margin=\u00bb|||\u00bb custom_padding=\u00bb|||\u00bb animation_style=\u00bbfade\u00bb global_colors_info=\u00bb{}\u00bb][et_pb_column type=\u00bb1_2&#8243; _builder_version=\u00bb4.16&#8243; custom_padding=\u00bb|||\u00bb global_colors_info=\u00bb{}\u00bb custom_padding__hover=\u00bb|||\u00bb][\/et_pb_column][et_pb_column type=\u00bb1_2&#8243; _builder_version=\u00bb4.16&#8243; background_color=\u00bb#ffffff\u00bb custom_padding=\u00bb30px|45px|30px|45px\u00bb custom_padding_tablet=\u00bb30px|45px|30px|45px\u00bb custom_padding_phone=\u00bb30px|30px|30px|30px\u00bb custom_padding_last_edited=\u00bbon|desktop\u00bb global_colors_info=\u00bb{}\u00bb custom_padding__hover=\u00bb|||\u00bb][et_pb_text _builder_version=\u00bb4.17.6&#8243; text_font=\u00bbMontserrat|500||on|||||\u00bb text_text_color=\u00bb#ff7864&#8243; text_font_size=\u00bb12px\u00bb custom_margin=\u00bb|||\u00bb animation_style=\u00bbfade\u00bb hover_enabled=\u00bb0&#8243; global_colors_info=\u00bb{}\u00bb sticky_enabled=\u00bb0&#8243;]<\/p>\n<p>a domicilio o en nuestro local<\/p>\n<p>[\/et_pb_text][et_pb_text _builder_version=\u00bb4.16&#8243; header_font=\u00bb||||||||\u00bb header_2_font=\u00bbCormorant Garamond|600|||||||\u00bb header_2_text_color=\u00bb#1e1e1&#8243; header_2_font_size=\u00bb36px\u00bb header_2_line_height=\u00bb1.3em\u00bb animation_style=\u00bbfade\u00bb global_colors_info=\u00bb{}\u00bb custom_margin=\u00bb||8px|||\u00bb]<\/p>\n<h2>Ahora pod\u00e9s sumar Ensaladas Frescas a tu packs de Viandas<\/h2>\n<p>[\/et_pb_text][et_pb_text _builder_version=\u00bb4.17.6&#8243; _module_preset=\u00bbdefault\u00bb hover_enabled=\u00bb0&#8243; sticky_enabled=\u00bb0&#8243;]<\/p>\n<p>Si pides ensaladas junto con alg\u00fan pack de viandas te las podemos llevar a domicilio, si tu pedido es s\u00f3lo de ensaladas, las puedes retirar en nuestro local.<\/p>\n<p>[\/et_pb_text][\/et_pb_column][\/et_pb_row][\/et_pb_section][et_pb_section fb_built=\u00bb1&#8243; admin_label=\u00bbProductos a la venta\u00bb _builder_version=\u00bb4.16&#8243; background_color=\u00bb#faf3d2&#8243; background_image=\u00bbhttps:\/\/miniefoods.com\/site\/wp-content\/uploads\/2019\/03\/recipe_illustration_01-2.png\u00bb background_size=\u00bbinitial\u00bb background_position=\u00bbcenter_right\u00bb custom_padding=\u00bb91px|0px|90px|0px\u00bb collapsed=\u00bbon\u00bb global_colors_info=\u00bb{}\u00bb][et_pb_row column_structure=\u00bb2_5,3_5&#8243; _builder_version=\u00bb4.16&#8243; _module_preset=\u00bbdefault\u00bb custom_padding=\u00bb|23px||||\u00bb global_colors_info=\u00bb{}\u00bb][et_pb_column type=\u00bb2_5&#8243; _builder_version=\u00bb4.16&#8243; _module_preset=\u00bbdefault\u00bb global_colors_info=\u00bb{}\u00bb][et_pb_image src=\u00bbhttps:\/\/miniefoods.com\/site\/wp-content\/uploads\/2021\/12\/Ensaladas-frescas.jpg\u00bb title_text=\u00bbEnsaladas frescas\u00bb _builder_version=\u00bb4.16&#8243; _module_preset=\u00bbdefault\u00bb global_colors_info=\u00bb{}\u00bb][\/et_pb_image][\/et_pb_column][et_pb_column type=\u00bb3_5&#8243; _builder_version=\u00bb4.16&#8243; _module_preset=\u00bbdefault\u00bb global_colors_info=\u00bb{}\u00bb][et_pb_wc_add_to_cart product=\u00bb224576&#8243; show_stock=\u00bboff\u00bb _builder_version=\u00bb4.16&#8243; _module_preset=\u00bbdefault\u00bb background_color=\u00bb#FFFFFF\u00bb custom_padding=\u00bb10px|10px|20px|20px|false|false\u00bb global_colors_info=\u00bb{}\u00bb][\/et_pb_wc_add_to_cart][\/et_pb_column][\/et_pb_row][\/et_pb_section][et_pb_section fb_built=\u00bb1&#8243; admin_label=\u00bbRecipes\u00bb _builder_version=\u00bb4.16&#8243; background_image=\u00bbhttps:\/\/miniefoods.com\/site\/wp-content\/uploads\/2019\/03\/recipe_illustration_03.png\u00bb background_size=\u00bbinitial\u00bb custom_padding=\u00bb90px||90px|\u00bb collapsed=\u00bboff\u00bb global_colors_info=\u00bb{}\u00bb][et_pb_row _builder_version=\u00bb4.16&#8243; custom_margin=\u00bb|||\u00bb global_colors_info=\u00bb{}\u00bb][et_pb_column type=\u00bb4_4&#8243; _builder_version=\u00bb4.16&#8243; custom_padding=\u00bb|||\u00bb global_colors_info=\u00bb{}\u00bb custom_padding__hover=\u00bb|||\u00bb][et_pb_text admin_label=\u00bbTitle\u00bb _builder_version=\u00bb4.16&#8243; text_font=\u00bb||||||||\u00bb header_font=\u00bb||||||||\u00bb header_2_font=\u00bbCormorant Garamond|500|||||||\u00bb header_2_text_color=\u00bb#1e1e1e\u00bb header_2_font_size=\u00bb36px\u00bb text_orientation=\u00bbcenter\u00bb custom_margin=\u00bb||15px|\u00bb animation_style=\u00bbfade\u00bb global_colors_info=\u00bb{}\u00bb]<\/p>\n<h2>Ensaladas Frescas<\/h2>\n<p>[\/et_pb_text][et_pb_divider color=\u00bb#cccccc\u00bb divider_weight=\u00bb2px\u00bb _builder_version=\u00bb4.16&#8243; max_width=\u00bb80px\u00bb max_width_tablet=\u00bb100px\u00bb max_width_phone=\u00bb100px\u00bb max_width_last_edited=\u00bboff|desktop\u00bb module_alignment=\u00bbcenter\u00bb animation_style=\u00bbfade\u00bb global_colors_info=\u00bb{}\u00bb][\/et_pb_divider][\/et_pb_column][\/et_pb_row][et_pb_row column_structure=\u00bb1_3,1_3,1_3&#8243; _builder_version=\u00bb4.16&#8243; global_colors_info=\u00bb{}\u00bb][et_pb_column type=\u00bb1_3&#8243; _builder_version=\u00bb4.16&#8243; custom_padding=\u00bb|||\u00bb global_colors_info=\u00bb{}\u00bb custom_padding__hover=\u00bb|||\u00bb][et_pb_blurb title=\u00bbEnsalada Verde Ovol\u00e1ctea\u00bb image=\u00bbhttps:\/\/miniefoods.com\/site\/wp-content\/uploads\/2021\/12\/ensalada-verde-base.jpg\u00bb alt=\u00bbensalada verde con pollo\u00bb _builder_version=\u00bb4.16&#8243; header_level=\u00bbh3&#8243; header_font=\u00bbCormorant Garamond||||||||\u00bb header_font_size=\u00bb24px\u00bb body_font=\u00bbMontserrat|500|||||||\u00bb body_font_size=\u00bb13px\u00bb body_line_height=\u00bb1.8em\u00bb text_orientation=\u00bbcenter\u00bb animation_style=\u00bbfade\u00bb global_colors_info=\u00bb{}\u00bb]<\/p>\n<p>Lechuga Crespa, Lechuga Morada, Lechuga Mantecosa, Zanahoria rallada, Tomate trozado, Huevo Duro y Queso Parmesano.<\/p>\n<p>[\/et_pb_blurb][\/et_pb_column][et_pb_column type=\u00bb1_3&#8243; _builder_version=\u00bb4.16&#8243; custom_padding=\u00bb|||\u00bb global_colors_info=\u00bb{}\u00bb custom_padding__hover=\u00bb|||\u00bb][et_pb_blurb title=\u00bbEnsalada Vegana con Lentejas\u00bb image=\u00bbhttps:\/\/miniefoods.com\/site\/wp-content\/uploads\/2021\/12\/enslada_verdelenejas.jpg\u00bb _builder_version=\u00bb4.16&#8243; header_level=\u00bbh3&#8243; header_font=\u00bbCormorant Garamond||||||||\u00bb header_font_size=\u00bb24px\u00bb body_font=\u00bbMontserrat|500|||||||\u00bb body_font_size=\u00bb13px\u00bb body_line_height=\u00bb1.8em\u00bb text_orientation=\u00bbcenter\u00bb animation_style=\u00bbfade\u00bb global_colors_info=\u00bb{}\u00bb]Lechuga Crespa, Lechuga Morada, Lechuga Mantecosa, Zanahoria rallada, Tomate trozado, Lentejas.[\/et_pb_blurb][\/et_pb_column][et_pb_column type=\u00bb1_3&#8243; _builder_version=\u00bb4.16&#8243; custom_padding=\u00bb|||\u00bb global_colors_info=\u00bb{}\u00bb custom_padding__hover=\u00bb|||\u00bb][et_pb_blurb title=\u00bbEnsalada Vegana con Garbanzos\u00bb image=\u00bbhttps:\/\/miniefoods.com\/site\/wp-content\/uploads\/2021\/12\/verde-con-garbanzos.jpg\u00bb _builder_version=\u00bb4.16&#8243; header_level=\u00bbh3&#8243; header_font=\u00bbCormorant Garamond||||||||\u00bb header_font_size=\u00bb24px\u00bb body_font=\u00bbMontserrat|500|||||||\u00bb body_font_size=\u00bb13px\u00bb body_line_height=\u00bb1.8em\u00bb text_orientation=\u00bbcenter\u00bb animation_style=\u00bbfade\u00bb global_colors_info=\u00bb{}\u00bb]Lechuga Crespa, Lechuga Morada, Lechuga Mantecosa, Zanahoria rallada, Tomate trozado, Garbanzos[\/et_pb_blurb][\/et_pb_column][\/et_pb_row][et_pb_row column_structure=\u00bb1_3,1_3,1_3&#8243; _builder_version=\u00bb4.16&#8243; global_colors_info=\u00bb{}\u00bb][et_pb_column type=\u00bb1_3&#8243; _builder_version=\u00bb4.16&#8243; custom_padding=\u00bb|||\u00bb global_colors_info=\u00bb{}\u00bb custom_padding__hover=\u00bb|||\u00bb][et_pb_blurb title=\u00bbEnsalada Verde con Pollo\u00bb image=\u00bbhttps:\/\/miniefoods.com\/site\/wp-content\/uploads\/2021\/12\/DSC_0437_verdepollo-400&#215;420-1.jpg\u00bb alt=\u00bbensalada verde con pollo\u00bb _builder_version=\u00bb4.16&#8243; header_level=\u00bbh3&#8243; header_font=\u00bbCormorant Garamond||||||||\u00bb header_font_size=\u00bb24px\u00bb body_font=\u00bbMontserrat|500|||||||\u00bb body_font_size=\u00bb13px\u00bb body_line_height=\u00bb1.8em\u00bb text_orientation=\u00bbcenter\u00bb animation_style=\u00bbfade\u00bb global_colors_info=\u00bb{}\u00bb]Lechuga Crespa, Lechuga Morada, Lechuga Mantecosa, Zanahoria rallada, Tomate trozado, Huevo Duro, Queso Parmesano y Pollo[\/et_pb_blurb][\/et_pb_column][et_pb_column type=\u00bb1_3&#8243; _builder_version=\u00bb4.16&#8243; custom_padding=\u00bb|||\u00bb global_colors_info=\u00bb{}\u00bb custom_padding__hover=\u00bb|||\u00bb][et_pb_blurb title=\u00bbEnsalada Verde con At\u00fan\u00bb image=\u00bbhttps:\/\/miniefoods.com\/site\/wp-content\/uploads\/2021\/12\/ensalada-verde-con-atu\u0301n.jpg\u00bb _builder_version=\u00bb4.16&#8243; header_level=\u00bbh3&#8243; header_font=\u00bbCormorant Garamond||||||||\u00bb header_font_size=\u00bb24px\u00bb body_font=\u00bbMontserrat|500|||||||\u00bb body_font_size=\u00bb13px\u00bb body_line_height=\u00bb1.8em\u00bb text_orientation=\u00bbcenter\u00bb animation_style=\u00bbfade\u00bb global_colors_info=\u00bb{}\u00bb]Lechuga Crespa, Lechuga Morada, Lechuga Mantecosa, Zanahoria rallada, Tomate trozado, Huevo Duro, Queso Parmesano y At\u00fan[\/et_pb_blurb][\/et_pb_column][et_pb_column type=\u00bb1_3&#8243; _builder_version=\u00bb4.16&#8243; custom_padding=\u00bb|||\u00bb global_colors_info=\u00bb{}\u00bb custom_padding__hover=\u00bb|||\u00bb][et_pb_blurb title=\u00bbEnsalada Verde con Jam\u00f3n y Queso\u00bb image=\u00bbhttps:\/\/miniefoods.com\/site\/wp-content\/uploads\/2021\/12\/ensalada-verde-con-jamyqueso.jpg\u00bb _builder_version=\u00bb4.16&#8243; header_level=\u00bbh3&#8243; header_font=\u00bbCormorant Garamond||||||||\u00bb header_font_size=\u00bb24px\u00bb body_font=\u00bbMontserrat|500|||||||\u00bb body_font_size=\u00bb13px\u00bb body_line_height=\u00bb1.8em\u00bb text_orientation=\u00bbcenter\u00bb animation_style=\u00bbfade\u00bb global_colors_info=\u00bb{}\u00bb]Lechuga Crespa, Lechuga Morada, Lechuga Mantecosa, Zanahoria rallada, Tomate trozado, Huevo Duro, Jam\u00f3n y Queso.[\/et_pb_blurb][\/et_pb_column][\/et_pb_row][\/et_pb_section]<\/p>\n","protected":false},"excerpt":{"rendered":"<p>a domicilio o en nuestro localAhora pod\u00e9s sumar Ensaladas Frescas a tu packs de ViandasSi pides ensaladas junto con alg\u00fan pack de viandas te las podemos llevar a domicilio, si tu pedido es s\u00f3lo de ensaladas, las puedes retirar en nuestro local.Ensaladas FrescasLechuga Crespa, Lechuga Morada, Lechuga Mantecosa, Zanahoria rallada, Tomate trozado, Huevo Duro y [&hellip;]<\/p>\n","protected":false},"author":3,"featured_media":224621,"parent":0,"menu_order":0,"comment_status":"closed","ping_status":"closed","template":"","meta":{"_et_pb_use_builder":"on","_et_pb_old_content":"","_et_gb_content_width":"","footnotes":""},"class_list":["post-224464","page","type-page","status-publish","has-post-thumbnail","hentry"],"_links":{"self":[{"href":"https:\/\/miniefoods.com\/site\/wp-json\/wp\/v2\/pages\/224464","targetHints":{"allow":["GET"]}}],"collection":[{"href":"https:\/\/miniefoods.com\/site\/wp-json\/wp\/v2\/pages"}],"about":[{"href":"https:\/\/miniefoods.com\/site\/wp-json\/wp\/v2\/types\/page"}],"author":[{"embeddable":true,"href":"https:\/\/miniefoods.com\/site\/wp-json\/wp\/v2\/users\/3"}],"replies":[{"embeddable":true,"href":"https:\/\/miniefoods.com\/site\/wp-json\/wp\/v2\/comments?post=224464"}],"version-history":[{"count":0,"href":"https:\/\/miniefoods.com\/site\/wp-json\/wp\/v2\/pages\/224464\/revisions"}],"wp:featuredmedia":[{"embeddable":true,"href":"https:\/\/miniefoods.com\/site\/wp-json\/wp\/v2\/media\/224621"}],"wp:attachment":[{"href":"https:\/\/miniefoods.com\/site\/wp-json\/wp\/v2\/media?parent=224464"}],"curies":[{"name":"wp","href":"https:\/\/api.w.org\/{rel}","templated":true}]}}